{"id":253,"date":"2025-02-13T16:16:15","date_gmt":"2025-02-13T21:16:15","guid":{"rendered":"http:\/\/www.aiglasierra.com\/prestacions-jubilacio-incapacitat-viduitat-atur\/"},"modified":"2025-02-18T17:00:30","modified_gmt":"2025-02-18T22:00:30","slug":"prestacions-jubilacio-incapacitat-viduitat-atur","status":"publish","type":"page","link":"https:\/\/www.aiglasierra.com\/ca\/prestacions-jubilacio-incapacitat-viduitat-atur\/","title":{"rendered":"PRESTACIONS: Jubilaci\u00f3, Incapacitat, Vidu\u00eftat, Atur"},"content":{"rendered":"<p>[et_pb_section fb_built=&#8221;1&#8243; admin_label=&#8221;Page Title Section&#8221; _builder_version=&#8221;4.27.4&#8243; use_background_color_gradient=&#8221;on&#8221; background_color_gradient_stops=&#8221;#313e47 0%|rgba(49,62,71,0.5) 100%&#8221; background_color_gradient_overlays_image=&#8221;on&#8221; background_color_gradient_start=&#8221;#313e47&#8243; background_color_gradient_end=&#8221;rgba(49,62,71,0.5)&#8221; background_image=&#8221;http:\/\/www.aiglasierra.com\/wp-content\/uploads\/2025\/02\/shutterstock726503221.jpg&#8221; custom_padding=&#8221;120px||120px|&#8221; hover_enabled=&#8221;0&#8243; global_colors_info=&#8221;{}&#8221; theme_builder_area=&#8221;post_content&#8221; title_text=&#8221;shutterstock726503221&#8243; sticky_enabled=&#8221;0&#8243;][et_pb_row admin_label=&#8221;Page Title Area&#8221; _builder_version=&#8221;4.16&#8243; background_size=&#8221;initial&#8221; background_position=&#8221;top_left&#8221; background_repeat=&#8221;repeat&#8221; global_colors_info=&#8221;{}&#8221; theme_builder_area=&#8221;post_content&#8221;][et_pb_column type=&#8221;4_4&#8243; _builder_version=&#8221;4.16&#8243; custom_padding=&#8221;|||&#8221; global_colors_info=&#8221;{}&#8221; custom_padding__hover=&#8221;|||&#8221; theme_builder_area=&#8221;post_content&#8221;][et_pb_text admin_label=&#8221;Page Title&#8221; _builder_version=&#8221;4.27.4&#8243; text_font=&#8221;||||||||&#8221; text_text_color=&#8221;#ffffff&#8221; text_font_size=&#8221;18px&#8221; text_line_height=&#8221;2em&#8221; header_font=&#8221;Prata||||||||&#8221; header_font_size=&#8221;40px&#8221; header_line_height=&#8221;1.6em&#8221; text_orientation=&#8221;center&#8221; background_layout=&#8221;dark&#8221; max_width=&#8221;700px&#8221; module_alignment=&#8221;center&#8221; custom_margin=&#8221;||10px|&#8221; animation_style=&#8221;fade&#8221; hover_enabled=&#8221;0&#8243; header_font_size_tablet=&#8221;29px&#8221; header_font_size_phone=&#8221;19px&#8221; header_font_size_last_edited=&#8221;on|phone&#8221; global_colors_info=&#8221;{}&#8221; theme_builder_area=&#8221;post_content&#8221; sticky_enabled=&#8221;0&#8243;]<\/p>\n<div class=\"container\">\n<h1>Prestacions<\/h1>\n<\/div>\n<p>[\/et_pb_text][\/et_pb_column][\/et_pb_row][\/et_pb_section][et_pb_section fb_built=&#8221;1&#8243; admin_label=&#8221;Servicios para empresas&#8221; _builder_version=&#8221;4.27.4&#8243; custom_padding=&#8221;|||&#8221; border_color_all=&#8221;#3b4147&#8243; border_width_left=&#8221;8vw&#8221; global_colors_info=&#8221;{}&#8221; theme_builder_area=&#8221;post_content&#8221;][et_pb_row admin_label=&#8221;Project Area 01&#8243; module_class=&#8221; et_pb_row_fullwidth&#8221; _builder_version=&#8221;4.16&#8243; width=&#8221;89%&#8221; width_tablet=&#8221;80%&#8221; width_phone=&#8221;80%&#8221; width_last_edited=&#8221;on|desktop&#8221; max_width=&#8221;89%&#8221; max_width_tablet=&#8221;80%&#8221; max_width_phone=&#8221;80%&#8221; max_width_last_edited=&#8221;on|desktop&#8221; make_fullwidth=&#8221;on&#8221; global_colors_info=&#8221;{}&#8221; theme_builder_area=&#8221;post_content&#8221;][et_pb_column type=&#8221;4_4&#8243; _builder_version=&#8221;4.16&#8243; custom_padding=&#8221;|||&#8221; global_colors_info=&#8221;{}&#8221; custom_padding__hover=&#8221;|||&#8221; theme_builder_area=&#8221;post_content&#8221;][et_pb_text admin_label=&#8221;Title&#8221; _builder_version=&#8221;4.27.4&#8243; text_font=&#8221;||||||||&#8221; header_font=&#8221;||||||||&#8221; header_2_font=&#8221;Prata||||||||&#8221; header_2_font_size=&#8221;36px&#8221; header_2_line_height=&#8221;1.6em&#8221; custom_margin=&#8221;||10px|&#8221; animation_style=&#8221;slide&#8221; animation_direction=&#8221;top&#8221; animation_intensity_slide=&#8221;5%&#8221; animation_starting_opacity=&#8221;100%&#8221; hover_enabled=&#8221;0&#8243; global_colors_info=&#8221;{}&#8221; theme_builder_area=&#8221;post_content&#8221; sticky_enabled=&#8221;0&#8243;]<\/p>\n<h1>Jubilaci\u00f3, Incapacitat Permament, Vidu\u00eftat, Cura i Naixement de Menor<\/h1>\n<p>[\/et_pb_text][et_pb_divider color=&#8221;#ffa40d&#8221; divider_position=&#8221;center&#8221; divider_weight=&#8221;3px&#8221; _builder_version=&#8221;4.16&#8243; max_width=&#8221;70px&#8221; animation_style=&#8221;slide&#8221; animation_direction=&#8221;top&#8221; animation_intensity_slide=&#8221;10%&#8221; animation_starting_opacity=&#8221;100%&#8221; global_colors_info=&#8221;{}&#8221; theme_builder_area=&#8221;post_content&#8221;][\/et_pb_divider][et_pb_text _builder_version=&#8221;4.27.4&#8243; text_font=&#8221;||||||||&#8221; text_font_size=&#8221;16px&#8221; text_line_height=&#8221;2em&#8221; animation_style=&#8221;fade&#8221; hover_enabled=&#8221;0&#8243; global_colors_info=&#8221;{}&#8221; theme_builder_area=&#8221;post_content&#8221; sticky_enabled=&#8221;0&#8243;]<\/p>\n<p>Els nostres serveis no es limiten a confeccionar i tramitar l&#8217;expedient corresponent davant de l&#8217;Institut Nacional de la Seguretat Social (INSS), sin\u00f3 que fem un estudi de conjunt de la situaci\u00f3 del treballador; comprovem si reuneix els requisits necessaris per tenir dret a la possible pensi\u00f3 (manca, situaci\u00f3 d&#8217;alta, etc.) i calculem la base reguladora de la pensi\u00f3 que li quedaria, per tal que el treballador en conegui exactament les possibilitats i actu\u00ef en conseq\u00fc\u00e8ncia.<\/p>\n<p>Una vegada rebuda la resoluci\u00f3 de l&#8217;expedient per part de l&#8217;INSS, si entenem que aquesta no \u00e9s l&#8217;adequada, acudim a la via judicial, valent-nos de tots els mitjans de prova que considerem convenients per aconseguir una sent\u00e8ncia favorable als interessos del treballador (prova documental, pericial m\u00e8dica, pericial t\u00e8cnica, testifical, etc.), comptant per aix\u00f2 amb la col\u00b7laboraci\u00f3 de peri\u00f2dics.<\/p>\n<p>Sobradament coneguda \u00e9s la nostra reputaci\u00f3 en la consecuci\u00f3 de pensions de tota mena per als nostres m\u00e9s de 3.000 clients:<\/p>\n<ul>\n<li>Jubilaci\u00f3<\/li>\n<li>Incapacitat permanent<\/li>\n<li>Incapacitat temporal<\/li>\n<li>Accidents de treball<\/li>\n<li>Vidu\u00eftat-Orfandat-Favor de Familiars.<\/li>\n<li>Etc.<\/li>\n<\/ul>\n<p>&nbsp;<\/p>\n<p>[\/et_pb_text][\/et_pb_column][\/et_pb_row][\/et_pb_section]<\/p>\n","protected":false},"excerpt":{"rendered":"<p>Prestacions Jubilaci\u00f3, Incapacitat Permament, Vidu\u00eftat, Cura i Naixement de MenorEls nostres serveis no es limiten a confeccionar i tramitar l&#8217;expedient corresponent davant de l&#8217;Institut Nacional de la Seguretat Social (INSS), sin\u00f3 que fem un estudi de conjunt de la situaci\u00f3 del treballador; comprovem si reuneix els requisits necessaris per tenir dret a la possible pensi\u00f3 [&hellip;]<\/p>\n","protected":false},"author":1,"featured_media":0,"parent":0,"menu_order":0,"comment_status":"closed","ping_status":"closed","template":"","meta":{"_et_pb_use_builder":"on","_et_pb_old_content":"","_et_gb_content_width":"","footnotes":""},"class_list":["post-253","page","type-page","status-publish","hentry"],"_links":{"self":[{"href":"https:\/\/www.aiglasierra.com\/ca\/wp-json\/wp\/v2\/pages\/253","targetHints":{"allow":["GET"]}}],"collection":[{"href":"https:\/\/www.aiglasierra.com\/ca\/wp-json\/wp\/v2\/pages"}],"about":[{"href":"https:\/\/www.aiglasierra.com\/ca\/wp-json\/wp\/v2\/types\/page"}],"author":[{"embeddable":true,"href":"https:\/\/www.aiglasierra.com\/ca\/wp-json\/wp\/v2\/users\/1"}],"replies":[{"embeddable":true,"href":"https:\/\/www.aiglasierra.com\/ca\/wp-json\/wp\/v2\/comments?post=253"}],"version-history":[{"count":1,"href":"https:\/\/www.aiglasierra.com\/ca\/wp-json\/wp\/v2\/pages\/253\/revisions"}],"predecessor-version":[{"id":256,"href":"https:\/\/www.aiglasierra.com\/ca\/wp-json\/wp\/v2\/pages\/253\/revisions\/256"}],"wp:attachment":[{"href":"https:\/\/www.aiglasierra.com\/ca\/wp-json\/wp\/v2\/media?parent=253"}],"curies":[{"name":"wp","href":"https:\/\/api.w.org\/{rel}","templated":true}]}}