{"id":257,"date":"2025-02-13T16:16:31","date_gmt":"2025-02-13T21:16:31","guid":{"rendered":"http:\/\/www.aiglasierra.com\/altres-serveis-notaria-registre-de-la-propietat-estrangeria\/"},"modified":"2025-02-18T17:00:30","modified_gmt":"2025-02-18T22:00:30","slug":"altres-serveis-notaria-registre-de-la-propietat-estrangeria","status":"publish","type":"page","link":"https:\/\/www.aiglasierra.com\/ca\/altres-serveis-notaria-registre-de-la-propietat-estrangeria\/","title":{"rendered":"ALTRES SERVEIS: Not\u00e0ria, Registre de la Propietat, Estrangeria"},"content":{"rendered":"<p>[et_pb_section fb_built=&#8221;1&#8243; admin_label=&#8221;Page Title Section&#8221; _builder_version=&#8221;4.27.4&#8243; use_background_color_gradient=&#8221;on&#8221; background_color_gradient_stops=&#8221;#313e47 0%|rgba(49,62,71,0.5) 100%&#8221; background_color_gradient_overlays_image=&#8221;on&#8221; background_color_gradient_start=&#8221;#313e47&#8243; background_color_gradient_end=&#8221;rgba(49,62,71,0.5)&#8221; background_image=&#8221;http:\/\/www.aiglasierra.com\/wp-content\/uploads\/2025\/02\/shutterstock718660264.jpg&#8221; custom_padding=&#8221;120px||120px|&#8221; hover_enabled=&#8221;0&#8243; global_colors_info=&#8221;{}&#8221; title_text=&#8221;shutterstock718660264&#8243; sticky_enabled=&#8221;0&#8243;][et_pb_row admin_label=&#8221;Page Title Area&#8221; _builder_version=&#8221;4.16&#8243; background_size=&#8221;initial&#8221; background_position=&#8221;top_left&#8221; background_repeat=&#8221;repeat&#8221; global_colors_info=&#8221;{}&#8221;][et_pb_column type=&#8221;4_4&#8243; _builder_version=&#8221;4.16&#8243; custom_padding=&#8221;|||&#8221; global_colors_info=&#8221;{}&#8221; custom_padding__hover=&#8221;|||&#8221;][et_pb_text admin_label=&#8221;Page Title&#8221; _builder_version=&#8221;4.27.4&#8243; text_font=&#8221;||||||||&#8221; text_text_color=&#8221;#ffffff&#8221; text_font_size=&#8221;18px&#8221; text_line_height=&#8221;2em&#8221; header_font=&#8221;Prata||||||||&#8221; header_font_size=&#8221;40px&#8221; header_line_height=&#8221;1.6em&#8221; text_orientation=&#8221;center&#8221; background_layout=&#8221;dark&#8221; max_width=&#8221;700px&#8221; module_alignment=&#8221;center&#8221; custom_margin=&#8221;||10px|&#8221; animation_style=&#8221;fade&#8221; hover_enabled=&#8221;0&#8243; header_font_size_tablet=&#8221;29px&#8221; header_font_size_phone=&#8221;19px&#8221; header_font_size_last_edited=&#8221;on|phone&#8221; global_colors_info=&#8221;{}&#8221; sticky_enabled=&#8221;0&#8243;]<\/p>\n<div class=\"container\">\n<div class=\"container\">\n<h1>Altres serveis<\/h1>\n<\/div>\n<\/div>\n<p>[\/et_pb_text][\/et_pb_column][\/et_pb_row][\/et_pb_section][et_pb_section fb_built=&#8221;1&#8243; admin_label=&#8221;Servicios para empresas&#8221; _builder_version=&#8221;4.27.4&#8243; custom_padding=&#8221;|||&#8221; border_color_all=&#8221;#3b4147&#8243; border_width_left=&#8221;8vw&#8221; global_colors_info=&#8221;{}&#8221;][et_pb_row admin_label=&#8221;Project Area 01&#8243; module_class=&#8221; et_pb_row_fullwidth&#8221; _builder_version=&#8221;4.16&#8243; width=&#8221;89%&#8221; width_tablet=&#8221;80%&#8221; width_phone=&#8221;80%&#8221; width_last_edited=&#8221;on|desktop&#8221; max_width=&#8221;89%&#8221; max_width_tablet=&#8221;80%&#8221; max_width_phone=&#8221;80%&#8221; max_width_last_edited=&#8221;on|desktop&#8221; make_fullwidth=&#8221;on&#8221; global_colors_info=&#8221;{}&#8221;][et_pb_column type=&#8221;4_4&#8243; _builder_version=&#8221;4.16&#8243; custom_padding=&#8221;|||&#8221; global_colors_info=&#8221;{}&#8221; custom_padding__hover=&#8221;|||&#8221;][et_pb_text admin_label=&#8221;Title&#8221; _builder_version=&#8221;4.27.4&#8243; text_font=&#8221;||||||||&#8221; header_font=&#8221;||||||||&#8221; header_2_font=&#8221;Prata||||||||&#8221; header_2_font_size=&#8221;36px&#8221; header_2_line_height=&#8221;1.6em&#8221; custom_margin=&#8221;||10px|&#8221; animation_style=&#8221;slide&#8221; animation_direction=&#8221;top&#8221; animation_intensity_slide=&#8221;5%&#8221; animation_starting_opacity=&#8221;100%&#8221; global_colors_info=&#8221;{}&#8221;]<\/p>\n<h1>Notaria, Registre de la Propietat, Estrangeria<\/h1>\n<p>[\/et_pb_text][et_pb_divider color=&#8221;#ffa40d&#8221; divider_position=&#8221;center&#8221; divider_weight=&#8221;3px&#8221; _builder_version=&#8221;4.16&#8243; max_width=&#8221;70px&#8221; animation_style=&#8221;slide&#8221; animation_direction=&#8221;top&#8221; animation_intensity_slide=&#8221;10%&#8221; animation_starting_opacity=&#8221;100%&#8221; global_colors_info=&#8221;{}&#8221;][\/et_pb_divider][et_pb_text _builder_version=&#8221;4.27.4&#8243; text_font=&#8221;||||||||&#8221; text_font_size=&#8221;16px&#8221; text_line_height=&#8221;2em&#8221; animation_style=&#8221;fade&#8221; global_colors_info=&#8221;{}&#8221;]<\/p>\n<p>La nostra vida ordin\u00e0ria \u00e9s plena del que anomenem \u201cpapers\u201d i de vegades fer aquest \u201cpapereig\u201d ens resulta complicat per no saber a quin lloc ens hem de dirigir, o per no disposar de temps suficient per solucionar-lo.<\/p>\n<p>De manera que tamb\u00e9 aqu\u00ed us podem ajudar en tots aquells tr\u00e0mits administratius que hagi de gestionar davant l&#8217;Administraci\u00f3 P\u00fablica, com ara:<\/p>\n<ul>\n<li>Hisenda p\u00fablica: declaracions de renda i patrimoni, recursos, etc.<\/li>\n<li>Notari: Testaments, her\u00e8ncies, donacions, cancel\u00b7lacions d&#8217;hipoteques, escriptures d&#8217;obra nova, escriptures de compra venda, etc.<\/li>\n<li>Registre de la propietat: inscripci\u00f3 d&#8217;escriptures notarials, informaci\u00f3 registral, etc.<\/li>\n<li>Certificats: Obtenci\u00f3 de certificats del Registre civil: Naixement, Matrimoni, Defunci\u00f3, etc.<\/li>\n<li>Estrangeria: tramitaci\u00f3 dautoritzacions de resid\u00e8ncia i treball.<\/li>\n<\/ul>\n<p>[\/et_pb_text][\/et_pb_column][\/et_pb_row][\/et_pb_section]<\/p>\n","protected":false},"excerpt":{"rendered":"<p>Altres serveis Notaria, Registre de la Propietat, EstrangeriaLa nostra vida ordin\u00e0ria \u00e9s plena del que anomenem \u201cpapers\u201d i de vegades fer aquest \u201cpapereig\u201d ens resulta complicat per no saber a quin lloc ens hem de dirigir, o per no disposar de temps suficient per solucionar-lo. De manera que tamb\u00e9 aqu\u00ed us podem ajudar en tots [&hellip;]<\/p>\n","protected":false},"author":1,"featured_media":0,"parent":0,"menu_order":0,"comment_status":"closed","ping_status":"closed","template":"","meta":{"_et_pb_use_builder":"on","_et_pb_old_content":"","_et_gb_content_width":"","footnotes":""},"class_list":["post-257","page","type-page","status-publish","hentry"],"_links":{"self":[{"href":"https:\/\/www.aiglasierra.com\/ca\/wp-json\/wp\/v2\/pages\/257","targetHints":{"allow":["GET"]}}],"collection":[{"href":"https:\/\/www.aiglasierra.com\/ca\/wp-json\/wp\/v2\/pages"}],"about":[{"href":"https:\/\/www.aiglasierra.com\/ca\/wp-json\/wp\/v2\/types\/page"}],"author":[{"embeddable":true,"href":"https:\/\/www.aiglasierra.com\/ca\/wp-json\/wp\/v2\/users\/1"}],"replies":[{"embeddable":true,"href":"https:\/\/www.aiglasierra.com\/ca\/wp-json\/wp\/v2\/comments?post=257"}],"version-history":[{"count":1,"href":"https:\/\/www.aiglasierra.com\/ca\/wp-json\/wp\/v2\/pages\/257\/revisions"}],"predecessor-version":[{"id":260,"href":"https:\/\/www.aiglasierra.com\/ca\/wp-json\/wp\/v2\/pages\/257\/revisions\/260"}],"wp:attachment":[{"href":"https:\/\/www.aiglasierra.com\/ca\/wp-json\/wp\/v2\/media?parent=257"}],"curies":[{"name":"wp","href":"https:\/\/api.w.org\/{rel}","templated":true}]}}